{"id":247,"date":"2018-05-15T14:09:47","date_gmt":"2018-05-15T14:09:47","guid":{"rendered":"http:\/\/vasculartecartherapy.com\/?page_id=247"},"modified":"2018-05-16T10:53:44","modified_gmt":"2018-05-16T10:53:44","slug":"politica-de-privacidad","status":"publish","type":"page","link":"https:\/\/vasculartecartherapy.com\/fr\/politica-de-privacidad","title":{"rendered":"Politique en mati\u00e8re de cookies"},"content":{"rendered":"<p>[vc_row row_type=\u00a0\u00bbrow\u00a0\u00bb use_row_as_full_screen_section=\u00a0\u00bbno\u00a0\u00bb type=\u00a0\u00bbfull_width\u00a0\u00bb angled_section=\u00a0\u00bbno\u00a0\u00bb text_align=\u00a0\u00bbleft\u00a0\u00bb background_image_as_pattern=\u00a0\u00bbwithout_pattern\u00a0\u00bb css_animation=\u00a0\u00bb\u00a0\u00bb][vc_column][vc_column_text]<\/p>\n<h1>MENTIONS L\u00c9GALES<\/h1>\n<p>Conform\u00e9ment \u00e0 la loi 34\/2002, du 11 juillet, sur les services de la soci\u00e9t\u00e9 de l\u2019information et du commerce \u00e9lectronique, les donn\u00e9es g\u00e9n\u00e9rales du pr\u00e9sent site internet sont indiqu\u00e9es ci-apr\u00e8s :<\/p>\n<p><strong>Titulaire :<\/strong>\u00a0CAPENERGY MEDICAL, S.L. (en adelante, Capenergy).<\/p>\n<p><strong>Adresse :<\/strong>\u00a0Avda Mare de D\u00e9u de Montserrat 41 bis SANT JOAN DESP\u00cd 08970 Barcelona ESPA\u00d1A<\/p>\n<p><strong>Contact :<\/strong>\u00a0(+34) 934774348<\/p>\n<p><strong>Donn\u00e9es enregistr\u00e9es :<\/strong>\u00a0Inscrite au Registre du commerce et des soci\u00e9t\u00e9s de Barcelone sous le TOMO 32314, FOLIO 37, HOJA B-206.479 INSCRIPCI\u00d3N 4\u00aa<\/p>\n<p><strong>CIF (num\u00e9ro de TVA) :<\/strong>\u00a0CIF: B62171731<\/p>\n<p><strong>Mentions l\u00e9gales<\/strong><\/p>\n<p><strong>1. DONN\u00c9ES D\u2019IDENTIFICATION.<\/strong>\u00a0Conform\u00e9ment au devoir d\u2019information vis\u00e9 \u00e0 l\u2019article 10 de la loi 34\/2002, du 11 juillet, sur les services de la soci\u00e9t\u00e9 de l\u2019information et du commerce \u00e9lectronique, les \u00e9l\u00e9ments suivants sont pr\u00e9cis\u00e9s : le titulaire de <a href=\"http:\/\/vasculartecartherapy.com\">http:\/\/vasculartecartherapy.com<\/a> est l\u2019entreprise CAPENERGY (ci-apr\u00e8s d\u00e9nomm\u00e9e \u00ab CAPENERGY \u00bb) dont le si\u00e8ge est situ\u00e9 Avda Mare de D\u00e9u de Montserrat 41 bis SANT JOAN DESP\u00cd 08970 Barcelona ESPA\u00d1A , titulaire du CIF: B62171731 , inscrite au Registre du commerce et des soci\u00e9t\u00e9s de Barcelone au TOMO 32314, FOLIO 37, HOJA B-206.479 INSCRIPCI\u00d3N 4\u00aa . Courrier \u00e9lectronique de contact : info@capenergy.com du site internet. T\u00e9l\u00e9phone de contact : (+34) 934774348<\/p>\n<p><strong>2. PROTECTION DES DONN\u00c9ES<\/strong>\u00a0CAPENERGY respecte les dispositions de la loi organique 15\/1999, du 13 d\u00e9cembre, sur la protection des donn\u00e9es \u00e0 caract\u00e8re personnel, du d\u00e9cret royal 1720\/2007, du 21 d\u00e9cembre, portant approbation du r\u00e8glement de transposition de la loi organique ainsi que d\u2019autres r\u00e9glementations en vigueur \u00e0 tout moment, et veille \u00e0 assurer une utilisation et un traitement appropri\u00e9s des donn\u00e9es personnelles de l\u2019utilisateur. \u00c0 cette fin, avec chaque formulaire de collecte de donn\u00e9es \u00e0 caract\u00e8re personnel, pour les services que l\u2019utilisateur est susceptible de demander \u00e0 CAPENERGY, celle-ci communiquera \u00e0 l\u2019utilisateur l\u2019existence et l\u2019acceptation des conditions particuli\u00e8res du traitement de ses donn\u00e9es dans chaque cas, en l\u2019informant de la responsabilit\u00e9 du fichier cr\u00e9\u00e9, de l\u2019adresse du responsable, de la possibilit\u00e9 d\u2019exercer ses droits d\u2019acc\u00e8s, de rectification, d\u2019annulation ou d\u2019opposition, de la finalit\u00e9 du traitement et des communications des donn\u00e9es \u00e0 des tiers le cas \u00e9ch\u00e9ant. De m\u00eame, CAPENERGY informe qu\u2019elle se conforme \u00e0 la loi 34\/2002, du 11 juillet, sur les services de la soci\u00e9t\u00e9 de l\u2019information et le commerce \u00e9lectronique et qu\u2019elle demandera \u00e0 l\u2019utilisateur son consentement pour le traitement de son adresse de courrier \u00e9lectronique \u00e0 des fins commerciales \u00e0 tout moment.<\/p>\n<p><strong>3. PROPRI\u00c9T\u00c9 INTELLECTUELLE ET INDUSTRIELLE<\/strong>\u00a0CAPENERGY. , est titulaire de tous les droits de propri\u00e9t\u00e9 intellectuelle et industrielle de son site internet, ainsi que de tous ses contenus (\u00e0 titre indicatif : images, son, audio, vid\u00e9o, logiciel ou textes ; marques ou logos, combinaisons de couleurs, structure et conception, s\u00e9lection des mat\u00e9riaux utilis\u00e9s, logiciels informatiques n\u00e9cessaires pour leur fonctionnement, acc\u00e8s et utilisation, etc.), appartenant \u00e0 CAPENERGY. ou \u00e0 ses conc\u00e9dants. Tous droits r\u00e9serv\u00e9s. En vertu des dispositions des articles 8 et 32.1, deuxi\u00e8me alin\u00e9a, de la loi sur la propri\u00e9t\u00e9 intellectuelle, sont formellement interdits la reproduction, la distribution et la communication publique, y compris les moyens de mettre \u00e0 disposition tout ou partie des contenus du pr\u00e9sent site internet \u00e0 des fins commerciales, sous quelque forme ou par tout moyen technique, sans l\u2019autorisation d\u2019CAPENERGY.. L\u2019utilisateur s\u2019engage \u00e0 respecter les droits de propri\u00e9t\u00e9 intellectuelle et industrielle d\u2019CAPENERGY.<\/p>\n<p><strong>4. LIENS.<\/strong>\u00a0Dans le cas o\u00f9 www.CAPENERGY.com contiendrait des liens ou hyperliens vers d\u2019autres sites internet, CAPENERGY. n\u2019exercera aucun type de contr\u00f4le sur lesdits sites et contenus. CAPENERGY. d\u00e9cline toute responsabilit\u00e9 concernant les contenus d\u2019un quelconque lien appartenant \u00e0 un site internet tiers.<\/p>\n<p><strong>5. LIMITATION DE RESPONSABILIT\u00c9.<\/strong>\u00a0En aucun cas CAPENERGY. ne peut \u00eatre tenue pour responsable des dommages et pr\u00e9judices de toute nature pouvant r\u00e9sulter, \u00e0 titre indicatif, d\u2019erreurs ou d\u2019omissions dans les contenus, d\u2019un manque de disponibilit\u00e9 du portail ou de la transmission de virus ou de logiciels malveillants ou nuisibles dans les contenus, bien qu\u2019ayant adopt\u00e9 toutes les mesures technologiques n\u00e9cessaires pour les \u00e9viter.<\/p>\n<p><strong>6. MODIFICATIONS ET MISES \u00c0 JOUR.<\/strong>\u00a0CAPENERGY se r\u00e9serve le droit d\u2019effectuer, \u00e0 tout moment et sans pr\u00e9avis, des modifications et des mises \u00e0 jour des informations contenues sur le site internet de la configuration, de la disponibilit\u00e9 et de la pr\u00e9sentation de ce dernier.<\/p>\n<p><strong>7<\/strong>. Le contenu du pr\u00e9sent site internet n\u2019est valable que pour nos march\u00e9s actuels.<\/p>\n<h1>POLITIQUE DE CONFIDENTIALIT\u00c9<\/h1>\n<p>Conform\u00e9ment \u00e0 la loi 34\/2002, du 11 juillet, sur les services de la soci\u00e9t\u00e9 de l\u2019information et du commerce \u00e9lectronique, les donn\u00e9es g\u00e9n\u00e9rales du pr\u00e9sent site internet sont indiqu\u00e9es ci-apr\u00e8s :<\/p>\n<p><strong>Titulaire :<\/strong>\u00a0CAPENERGY MEDICAL, S.L. (en adelante, Capenergy).<\/p>\n<p><strong>Adresse :<\/strong>\u00a0Avda Mare de D\u00e9u de Montserrat 41 bis SANT JOAN DESP\u00cd 08970 Barcelona ESPA\u00d1A<\/p>\n<p><strong>Contact :<\/strong>\u00a0(+34) 934774348<\/p>\n<p><strong>Mail:<\/strong>\u00a0info@capenergy.com<\/p>\n<p><strong>Donn\u00e9es enregistr\u00e9es :<\/strong>\u00a0Inscrite au Registre du commerce et des soci\u00e9t\u00e9s de Barcelone sous le TOMO 32314, FOLIO 37, HOJA B-206.479 INSCRIPCI\u00d3N 4\u00aa<\/p>\n<p><strong>CIF (num\u00e9ro de TVA) :<\/strong>\u00a0CIF: B62171731<\/p>\n<h1>POLITIQUE EN MATI\u00c8RE DE COOKIES<\/h1>\n<p><strong>Qu\u2019est-ce qu\u2019un cookie ?<\/strong><\/p>\n<p>Un cookie est un dispositif de stockage d\u2019informations qui est t\u00e9l\u00e9charg\u00e9 sur l\u2019ordinateur ou l\u2019appareil \u00e9lectronique de l\u2019utilisateur lors de l\u2019acc\u00e8s \u00e0 un site internet afin d\u2019enregistrer et de r\u00e9cup\u00e9rer des informations en vue, notamment, de faciliter la navigation de l\u2019utilisateur.<\/p>\n<p><strong>Pourquoi CAPENERGY. utilise-t-elle des cookies ?<\/strong><\/p>\n<p>CAPENERGY utilise des cookies pour collecter des informations et ainsi offrir \u00e0 l\u2019utilisateur une navigation plus souple en \u00e9vitant de demander des renseignements que celui-ci a d\u00e9j\u00e0 fournis pr\u00e9c\u00e9demment. CAPENERGY. utilise \u00e9galement des cookies pour analyser le comportement des utilisateurs lors de leur navigation sur le site, ce qui est un outil tr\u00e8s efficace pour \u00e9valuer le fonctionnement du site internet et y introduire des am\u00e9liorations.<\/p>\n<p><strong>De quelle mani\u00e8re CAPENERGY. utilise-t-elle les cookies ?<\/strong><\/p>\n<p>CAPENERGY utilise les cookies afin d\u2019obtenir des informations qu\u2019elle estime tr\u00e8s utiles. Le type de cookies qu\u2019elle utilise ainsi que les informations qu\u2019elle obtient de chacun sont d\u00e9taill\u00e9s ci-dessous :<\/p>\n<p><strong>Types de cookies<\/strong><\/p>\n<p><strong>Cookies d\u2019analyse<\/strong><\/p>\n<hr \/>\n<p>Ces cookies sont utilis\u00e9s pour analyser le comportement des utilisateurs de mani\u00e8re g\u00e9n\u00e9rale et anonyme : nombre de visiteurs du site, diff\u00e9rentes fiches de produit visit\u00e9es, provenance des visites, jour et heure, plate-forme, nombre de clics sur une fiche, termes de recherche saisis par l\u2019utilisateur pour trouver le contenu souhait\u00e9. CAPENERGY. utilise ainsi ce moyen efficace pour am\u00e9liorer son site internet et conna\u00eetre les contenus ou pr\u00e9sentations les plus pertinents pour l\u2019utilisateur.<\/p>\n<p><strong>Cookies de fonctionnalit\u00e9<\/strong><\/p>\n<hr \/>\n<p>Il s\u2019agit de cookies qui aident l\u2019utilisateur \u00e0 avoir une meilleure exp\u00e9rience de navigation sur le site. Par exemple, ce type de cookies est utilis\u00e9 pour stocker les informations relatives \u00e0 la derni\u00e8re recherche d\u2019un produit \u00e0 des fins de remplissage et de saisie automatiques (moteur de recherche, saisie du pays, de la ville de pr\u00e9f\u00e9rence et des derniers produits consult\u00e9s par l\u2019utilisateur).<\/p>\n<p><strong>Cookies publicitaires<\/strong><\/p>\n<hr \/>\n<p>Nous utilisons ces cookies pour afficher des publicit\u00e9s correspondant aux int\u00e9r\u00eats des utilisateurs sur d\u2019autres pages. Dans ce cas, nous utilisons nos propres cookies ainsi que des cookies stock\u00e9s par des tiers.<\/p>\n<p><strong>Cookies techniques<\/strong><\/p>\n<hr \/>\n<p>Les cookies techniques sont n\u00e9cessaires pour afficher correctement le site internet et garantir son bon fonctionnement. Ces cookies sont li\u00e9s \u00e0 la session de l\u2019utilisateur et au login.<\/p>\n<p><strong>Comment puis-je obtenir plus d\u2019informations sur les cookies, les g\u00e9rer et\/ou les supprimer ?<\/strong><\/p>\n<p>Vous pouvez obtenir plus d\u2019informations sur les cookies et consulter les \u00e9tapes \u00e0 suivre pour d\u00e9sactiver leur installation dans la rubrique Aide de votre navigateur (Microsoft Internet Explorer, Google Chrome, Safari, Mozilla Firefox et Opera, par exemple).<\/p>\n<p>Notez que si vous d\u00e9sactivez les cookies, il est possible que vous rencontriez des probl\u00e8mes lors de votre acc\u00e8s et de votre navigation sur le site ainsi que lors de la souscription de nos services.<\/p>\n<p><em>Pour plus de pr\u00e9cisions concernant le fonctionnement des cookies et leur suppression, vous pouvez visiter les sites suivants : www.aboutcookies.org et www.allaboutcookies.org<\/em><\/p>\n<p><em>D\u2019autre part, si vous ne souhaitez pas \u00eatre trac\u00e9 par Google Analytics via les sites internet que vous visitez, cliquez sur le lien suivant : http:\/\/tools.google.com\/dlpage\/gaoptout<\/em>[\/vc_column_text][\/vc_column][\/vc_row]<\/p>\n","protected":false},"excerpt":{"rendered":"<p>[vc_row row_type=\u00a0\u00bbrow\u00a0\u00bb use_row_as_full_screen_section=\u00a0\u00bbno\u00a0\u00bb type=\u00a0\u00bbfull_width\u00a0\u00bb angled_section=\u00a0\u00bbno\u00a0\u00bb text_align=\u00a0\u00bbleft\u00a0\u00bb background_image_as_pattern=\u00a0\u00bbwithout_pattern\u00a0\u00bb css_animation=\u00a0\u00bb\u00a0\u00bb][vc_column][vc_column_text] MENTIONS L\u00c9GALES Conform\u00e9ment \u00e0 la loi 34\/2002, du 11 juillet, sur les services de la soci\u00e9t\u00e9 de l\u2019information et du commerce \u00e9lectronique, les donn\u00e9es g\u00e9n\u00e9rales du pr\u00e9sent site internet sont indiqu\u00e9es ci-apr\u00e8s : Titulaire :\u00a0CAPENERGY MEDICAL, S.L&#8230;.<\/p>\n","protected":false},"author":2,"featured_media":0,"parent":0,"menu_order":0,"comment_status":"closed","ping_status":"closed","template":"","meta":{"footnotes":""},"class_list":["post-247","page","type-page","status-publish","hentry"],"_links":{"self":[{"href":"https:\/\/vasculartecartherapy.com\/fr\/wp-json\/wp\/v2\/pages\/247","targetHints":{"allow":["GET"]}}],"collection":[{"href":"https:\/\/vasculartecartherapy.com\/fr\/wp-json\/wp\/v2\/pages"}],"about":[{"href":"https:\/\/vasculartecartherapy.com\/fr\/wp-json\/wp\/v2\/types\/page"}],"author":[{"embeddable":true,"href":"https:\/\/vasculartecartherapy.com\/fr\/wp-json\/wp\/v2\/users\/2"}],"replies":[{"embeddable":true,"href":"https:\/\/vasculartecartherapy.com\/fr\/wp-json\/wp\/v2\/comments?post=247"}],"version-history":[{"count":3,"href":"https:\/\/vasculartecartherapy.com\/fr\/wp-json\/wp\/v2\/pages\/247\/revisions"}],"predecessor-version":[{"id":251,"href":"https:\/\/vasculartecartherapy.com\/fr\/wp-json\/wp\/v2\/pages\/247\/revisions\/251"}],"wp:attachment":[{"href":"https:\/\/vasculartecartherapy.com\/fr\/wp-json\/wp\/v2\/media?parent=247"}],"curies":[{"name":"wp","href":"https:\/\/api.w.org\/{rel}","templated":true}]}}